{"id":137,"date":"2025-08-06T10:41:29","date_gmt":"2025-08-06T10:41:29","guid":{"rendered":"https:\/\/www.birthworkerellen.fi\/?page_id=137"},"modified":"2025-09-10T07:10:20","modified_gmt":"2025-09-10T07:10:20","slug":"kontakt","status":"publish","type":"page","link":"https:\/\/www.birthworkerellen.fi\/index.php\/kontakt\/","title":{"rendered":"Kontakt"},"content":{"rendered":"\n<div class=\"wp-block-group has-global-padding is-layout-constrained wp-container-core-group-is-layout-a2ad2c74 wp-block-group-is-layout-constrained\" style=\"margin-top:0;margin-bottom:0;padding-top:80px;padding-right:var(--wp--preset--spacing--20);padding-bottom:80px;padding-left:var(--wp--preset--spacing--20)\">\n<div class=\"wp-block-columns are-vertically-aligned-center is-layout-flex wp-container-core-columns-is-layout-1d9f35bd wp-block-columns-is-layout-flex\">\n<div class=\"wp-block-column is-vertically-aligned-center is-layout-flow wp-block-column-is-layout-flow\" style=\"flex-basis:50%\">\n<div class=\"wp-block-cover is-light\" style=\"min-height:650px;aspect-ratio:unset;\"><img loading=\"lazy\" decoding=\"async\" width=\"683\" height=\"1024\" class=\"wp-block-cover__image-background wp-image-22 size-large\" alt=\"\" src=\"http:\/\/www.birthworkerellen.fi\/wp-content\/uploads\/2025\/07\/Ellen-683x1024.jpeg\" data-object-fit=\"cover\" srcset=\"https:\/\/www.birthworkerellen.fi\/wp-content\/uploads\/2025\/07\/Ellen-683x1024.jpeg 683w, https:\/\/www.birthworkerellen.fi\/wp-content\/uploads\/2025\/07\/Ellen-200x300.jpeg 200w, https:\/\/www.birthworkerellen.fi\/wp-content\/uploads\/2025\/07\/Ellen-768x1151.jpeg 768w, https:\/\/www.birthworkerellen.fi\/wp-content\/uploads\/2025\/07\/Ellen-1025x1536.jpeg 1025w, https:\/\/www.birthworkerellen.fi\/wp-content\/uploads\/2025\/07\/Ellen.jpeg 1366w\" sizes=\"auto, (max-width: 683px) 100vw, 683px\" \/><span aria-hidden=\"true\" class=\"wp-block-cover__background has-background-dim-0 has-background-dim\"><\/span><div class=\"wp-block-cover__inner-container has-global-padding is-layout-constrained wp-block-cover-is-layout-constrained\">\n<p class=\"has-text-align-center has-large-font-size\"><\/p>\n<\/div><\/div>\n<\/div>\n\n\n\n<div class=\"wp-block-column is-vertically-aligned-center is-layout-flow wp-block-column-is-layout-flow\">\n<div class=\"wp-block-group has-global-padding is-content-justification-left is-layout-constrained wp-container-core-group-is-layout-c4d06299 wp-block-group-is-layout-constrained\">\n<h2 class=\"wp-block-heading o-typing-delay-100ms banner-heading has-cardo-font-family has-xx-large-font-size\" style=\"margin-top:0;margin-bottom:0;font-style:normal;font-weight:400\">Vill du att jag tar kontakt med dig?<\/h2>\n\n\n\n<p>Fyll i dina kontaktuppgifter och en kort beskrivning p\u00e5 vad det g\u00e4ller s\u00e5 diskuterar vi vidare!<\/p>\n\n\n\n<div class=\"wpcf7 no-js\" id=\"wpcf7-f171-o1\" lang=\"fi\" dir=\"ltr\" data-wpcf7-id=\"171\">\n<div class=\"screen-reader-response\"><p role=\"status\" aria-live=\"polite\" aria-atomic=\"true\"><\/p> <ul><\/ul><\/div>\n<form action=\"\/index.php\/wp-json\/wp\/v2\/pages\/137#wpcf7-f171-o1\" method=\"post\" class=\"wpcf7-form init\" aria-label=\"Yhteydenottolomake\" novalidate=\"novalidate\" data-status=\"init\">\n<fieldset class=\"hidden-fields-container\"><input type=\"hidden\" name=\"_wpcf7\" value=\"171\" \/><input type=\"hidden\" name=\"_wpcf7_version\" value=\"6.1.5\" \/><input type=\"hidden\" name=\"_wpcf7_locale\" value=\"fi\" \/><input type=\"hidden\" name=\"_wpcf7_unit_tag\" value=\"wpcf7-f171-o1\" \/><input type=\"hidden\" name=\"_wpcf7_container_post\" value=\"0\" \/><input type=\"hidden\" name=\"_wpcf7_posted_data_hash\" value=\"\" \/>\n<\/fieldset>\n<p><label>Ditt namn<br \/>\n<span class=\"wpcf7-form-control-wrap\" data-name=\"your-name\"><input size=\"40\" maxlength=\"400\" class=\"wpcf7-form-control wpcf7-text wpcf7-validates-as-required\" autocomplete=\"name\" aria-required=\"true\" aria-invalid=\"false\" value=\"\" type=\"text\" name=\"your-name\" \/><\/span> <\/label>\n<\/p>\n<p><label>Din mejladress<br \/>\n<span class=\"wpcf7-form-control-wrap\" data-name=\"your-email\"><input size=\"40\" maxlength=\"400\" class=\"wpcf7-form-control wpcf7-email wpcf7-validates-as-required wpcf7-text wpcf7-validates-as-email\" autocomplete=\"email\" aria-required=\"true\" aria-invalid=\"false\" value=\"\" type=\"email\" name=\"your-email\" \/><\/span> <\/label>\n<\/p>\n<p><label>\u00c4mne<br \/>\n<span class=\"wpcf7-form-control-wrap\" data-name=\"your-subject\"><input size=\"40\" maxlength=\"400\" class=\"wpcf7-form-control wpcf7-text wpcf7-validates-as-required\" aria-required=\"true\" aria-invalid=\"false\" value=\"\" type=\"text\" name=\"your-subject\" \/><\/span> <\/label>\n<\/p>\n<p><label>Ditt meddelande (valfritt)<br \/>\n<span class=\"wpcf7-form-control-wrap\" data-name=\"your-message\"><textarea cols=\"40\" rows=\"10\" maxlength=\"2000\" class=\"wpcf7-form-control wpcf7-textarea\" aria-invalid=\"false\" name=\"your-message\"><\/textarea><\/span> <\/label>\n<\/p>\n<p><input class=\"wpcf7-form-control wpcf7-submit has-spinner\" type=\"submit\" value=\"Skicka\" \/>\n<\/p><div class=\"wpcf7-response-output\" aria-hidden=\"true\"><\/div>\n<\/form>\n<\/div>\n\n<\/div>\n<\/div>\n<\/div>\n\n\n\n<div class=\"wp-block-columns is-layout-flex wp-container-core-columns-is-layout-28f84493 wp-block-columns-is-layout-flex\">\n<div class=\"wp-block-column is-layout-flow wp-block-column-is-layout-flow\">\n<div class=\"wp-block-columns is-layout-flex wp-container-core-columns-is-layout-28f84493 wp-block-columns-is-layout-flex\">\n<div class=\"wp-block-column is-layout-flow wp-block-column-is-layout-flow\">\n<div class=\"wp-block-media-text is-stacked-on-mobile\"><figure class=\"wp-block-media-text__media\"><img loading=\"lazy\" decoding=\"async\" width=\"1024\" height=\"1024\" src=\"http:\/\/www.birthworkerellen.fi\/wp-content\/uploads\/2025\/07\/2AA2E41D-DA01-47EF-93B7-4A8EE4A4CCC0.png\" alt=\"\" class=\"wp-image-327 size-full\" srcset=\"https:\/\/www.birthworkerellen.fi\/wp-content\/uploads\/2025\/07\/2AA2E41D-DA01-47EF-93B7-4A8EE4A4CCC0.png 1024w, https:\/\/www.birthworkerellen.fi\/wp-content\/uploads\/2025\/07\/2AA2E41D-DA01-47EF-93B7-4A8EE4A4CCC0-300x300.png 300w, https:\/\/www.birthworkerellen.fi\/wp-content\/uploads\/2025\/07\/2AA2E41D-DA01-47EF-93B7-4A8EE4A4CCC0-150x150.png 150w, https:\/\/www.birthworkerellen.fi\/wp-content\/uploads\/2025\/07\/2AA2E41D-DA01-47EF-93B7-4A8EE4A4CCC0-768x768.png 768w\" sizes=\"auto, (max-width: 1024px) 100vw, 1024px\" \/><\/figure><div class=\"wp-block-media-text__content\">\n<p>Ellen Tammisto<\/p>\n\n\n\n<p>Helsingfors<\/p>\n\n\n\n<p>+358445011433<\/p>\n\n\n\n<p>info@birthworkerellen.fi <\/p>\n\n\n\n<p>instagram: <a href=\"https:\/\/www.instagram.com\/birthworkerellen\/?hl=en\">@birthworkerellen<\/a><\/p>\n\n\n\n<p>FO-nummer: 3550176-1<\/p>\n<\/div><\/div>\n<\/div>\n<\/div>\n<\/div>\n<\/div>\n<\/div>\n\n\n\n<p><\/p>\n","protected":false},"excerpt":{"rendered":"<p>Vill du att jag tar kontakt med dig? Fyll i dina kontaktuppgifter och en kort beskrivning p\u00e5 vad det g\u00e4ller s\u00e5 diskuterar vi vidare! Ellen Tammisto Helsingfors +358445011433 info@birthworkerellen.fi instagram: @birthworkerellen FO-nummer: 3550176-1<\/p>\n","protected":false},"author":1,"featured_media":0,"parent":0,"menu_order":0,"comment_status":"closed","ping_status":"closed","template":"","meta":{"footnotes":""},"class_list":["post-137","page","type-page","status-publish","hentry"],"_links":{"self":[{"href":"https:\/\/www.birthworkerellen.fi\/index.php\/wp-json\/wp\/v2\/pages\/137","targetHints":{"allow":["GET"]}}],"collection":[{"href":"https:\/\/www.birthworkerellen.fi\/index.php\/wp-json\/wp\/v2\/pages"}],"about":[{"href":"https:\/\/www.birthworkerellen.fi\/index.php\/wp-json\/wp\/v2\/types\/page"}],"author":[{"embeddable":true,"href":"https:\/\/www.birthworkerellen.fi\/index.php\/wp-json\/wp\/v2\/users\/1"}],"replies":[{"embeddable":true,"href":"https:\/\/www.birthworkerellen.fi\/index.php\/wp-json\/wp\/v2\/comments?post=137"}],"version-history":[{"count":12,"href":"https:\/\/www.birthworkerellen.fi\/index.php\/wp-json\/wp\/v2\/pages\/137\/revisions"}],"predecessor-version":[{"id":452,"href":"https:\/\/www.birthworkerellen.fi\/index.php\/wp-json\/wp\/v2\/pages\/137\/revisions\/452"}],"wp:attachment":[{"href":"https:\/\/www.birthworkerellen.fi\/index.php\/wp-json\/wp\/v2\/media?parent=137"}],"curies":[{"name":"wp","href":"https:\/\/api.w.org\/{rel}","templated":true}]}}